{"id":83,"date":"2023-10-26T08:30:34","date_gmt":"2023-10-26T06:30:34","guid":{"rendered":"https:\/\/barrelubrifiant.com\/?page_id=83"},"modified":"2024-04-02T09:41:43","modified_gmt":"2024-04-02T07:41:43","slug":"culture","status":"publish","type":"page","link":"https:\/\/barrelubrifiant.com\/index.php\/culture\/","title":{"rendered":"CULTURE"},"content":{"rendered":"<p>[vc_row row_type=\u00a0\u00bbrow\u00a0\u00bb use_row_as_full_screen_section=\u00a0\u00bbno\u00a0\u00bb type=\u00a0\u00bbfull_width\u00a0\u00bb oblique_section=\u00a0\u00bbno\u00a0\u00bb text_align=\u00a0\u00bbleft\u00a0\u00bb Overflow=\u00a0\u00bb\u00a0\u00bb triangle_shape=\u00a0\u00bbno\u00a0\u00bb css_animation=\u00a0\u00bb\u00a0\u00bb overflow=\u00a0\u00bb\u00a0\u00bb][vc_column][vc_column_text]<\/p>\r\n<h2>L&rsquo;origine de BARREL<\/h2>\r\n<p>\u00ab\u00a0Barrel \u00e9merge comme une force motrice au sein de l&rsquo;industrie p\u00e9troli\u00e8re, se positionnant au c\u0153ur n\u00e9vralgique de la supply chain qui alimente les grands groupes op\u00e9rant dans le bassin de la mer du Nord. Avec une capacit\u00e9 de production de plus de 100 millions de litres de produits par an, cet environnement dynamique et strat\u00e9gique repr\u00e9sente un v\u00e9ritable creuset d&rsquo;innovation et d&rsquo;excellence.<\/p>\r\n<p>C&rsquo;est au sein de cette toile complexe de sous-traitants et de partenaires que Barrel trouve son origine, puisant dans les ressources les plus avanc\u00e9es et les centres de recherche et d\u00e9veloppement les plus pointus pour r\u00e9pondre aux besoins sp\u00e9cifiques de l&rsquo;industrie. Barrel fournie des lubrifiants de qualit\u00e9 exceptionnelle, con\u00e7us pour relever les d\u00e9fis les plus complexes et optimiser les performances des moteurs et des \u00e9quipements automobiles.<\/p>\r\n<p>En collaborant \u00e9troitement avec les d\u00e9cideurs des grands groupes et en tirant parti des connaissances et de l&rsquo;expertise des acteurs cl\u00e9s de l&rsquo;industrie, Barrel reste \u00e0 la pointe de l&rsquo;innovation et de proposer des solutions qui r\u00e9pondent aux exigences les plus strictes du march\u00e9. Chez Barrel, nous sommes r\u00e9solument tourn\u00e9s vers l&rsquo;avenir, pr\u00eats \u00e0 relever les d\u00e9fis de demain et \u00e0 fa\u00e7onner l&rsquo;industrie des lubrifiants pour les ann\u00e9es \u00e0 venir.\u00a0\u00bb<\/p>\r\n<p>[\/vc_column_text][vc_empty_space image_repeat=\u00a0\u00bbno-repeat\u00a0\u00bb][\/vc_column][\/vc_row][vc_row row_type=\u00a0\u00bbrow\u00a0\u00bb use_row_as_full_screen_section=\u00a0\u00bbyes\u00a0\u00bb type=\u00a0\u00bbfull_width\u00a0\u00bb oblique_section=\u00a0\u00bbno\u00a0\u00bb text_align=\u00a0\u00bbleft\u00a0\u00bb Overflow=\u00a0\u00bb\u00a0\u00bb triangle_shape=\u00a0\u00bbno\u00a0\u00bb css_animation=\u00a0\u00bb\u00a0\u00bb overflow=\u00a0\u00bb\u00a0\u00bb][vc_column width=\u00a0\u00bb2\/3&Prime;][vc_single_image image=\u00a0\u00bb2414&Prime; img_size=\u00a0\u00bbfull\u00a0\u00bb mkd_css_animation=\u00a0\u00bb\u00a0\u00bb set_shader=\u00a0\u00bbno\u00a0\u00bb set_popup=\u00a0\u00bbno\u00a0\u00bb animate_image_on_hover=\u00a0\u00bbno\u00a0\u00bb][\/vc_column][vc_column width=\u00a0\u00bb1\/3&Prime;][vc_column_text]<\/p>\r\n<div class=\"wp-block-columns\">\r\n<div class=\"wp-block-column\" style=\"flex-basis: 100%;\">\r\n\r\n<div class=\"gb-grid-column gb-grid-column-09e8b8b8\"><div class=\"gb-container gb-container-09e8b8b8\"><br \/>\r\n<h2 class=\"wp-block-heading\">Nos Piliers<\/h2>\r\n\r\n\r\n\r\n<ol class=\"wp-block-list\">\r\n<li style=\"list-style-type: none;\">\r\n<ol>\r\n<li>Un r\u00e9seau de sous traitants organis\u00e9<\/li>\r\n\r\n\r\n\r\n<li>Une collaboration \u00e9troite avec les grands groupes<\/li>\r\n\r\n\r\n\r\n<li>Des connaissances et expertises issu des acteurs cl\u00e9 de l&rsquo;industrie<\/li>\r\n\r\n\r\n\r\n<li>Une optimisation des processus de fabrications courts et efficaces<\/li>\r\n<\/ol>\r\n<\/li>\r\n<\/ol>\r\n<p> <br \/><\/div><\/div><br \/><!-- \/wp:post-content --><\/p>\r\n<\/div>\r\n<!-- \/wp:column --><\/div>\r\n<!-- \/wp:columns -->\r\n<p>&nbsp;<\/p>\r\n<!-- \/wp:generateblocks\/container -->\r\n<p>&nbsp;<\/p>\r\n<!-- wp:spacer -->\r\n<div class=\"wp-block-spacer\" style=\"height: 100px;\" aria-hidden=\"true\">\u00a0<\/div>\r\n<p>[\/vc_column_text][\/vc_column][\/vc_row]<\/p>","protected":false},"excerpt":{"rendered":"<p>[vc_row row_type=\u00a0\u00bbrow\u00a0\u00bb use_row_as_full_screen_section=\u00a0\u00bbno\u00a0\u00bb type=\u00a0\u00bbfull_width\u00a0\u00bb oblique_section=\u00a0\u00bbno\u00a0\u00bb text_align=\u00a0\u00bbleft\u00a0\u00bb Overflow=\u00a0\u00bb\u00a0\u00bb triangle_shape=\u00a0\u00bbno\u00a0\u00bb css_animation=\u00a0\u00bb\u00a0\u00bb overflow=\u00a0\u00bb\u00a0\u00bb][vc_column][vc_column_text] L&rsquo;origine de BARREL \u00ab\u00a0Barrel \u00e9merge comme une force motrice au sein de l&rsquo;industrie p\u00e9troli\u00e8re, se positionnant au c\u0153ur n\u00e9vralgique de la supply chain qui alimente les grands groupes op\u00e9rant dans le bassin de la mer&#8230;<\/p>\n","protected":false},"author":1,"featured_media":0,"parent":0,"menu_order":0,"comment_status":"closed","ping_status":"closed","template":"","meta":{"footnotes":""},"class_list":["post-83","page","type-page","status-publish","hentry"],"_links":{"self":[{"href":"https:\/\/barrelubrifiant.com\/index.php\/wp-json\/wp\/v2\/pages\/83","targetHints":{"allow":["GET"]}}],"collection":[{"href":"https:\/\/barrelubrifiant.com\/index.php\/wp-json\/wp\/v2\/pages"}],"about":[{"href":"https:\/\/barrelubrifiant.com\/index.php\/wp-json\/wp\/v2\/types\/page"}],"author":[{"embeddable":true,"href":"https:\/\/barrelubrifiant.com\/index.php\/wp-json\/wp\/v2\/users\/1"}],"replies":[{"embeddable":true,"href":"https:\/\/barrelubrifiant.com\/index.php\/wp-json\/wp\/v2\/comments?post=83"}],"version-history":[{"count":17,"href":"https:\/\/barrelubrifiant.com\/index.php\/wp-json\/wp\/v2\/pages\/83\/revisions"}],"predecessor-version":[{"id":2427,"href":"https:\/\/barrelubrifiant.com\/index.php\/wp-json\/wp\/v2\/pages\/83\/revisions\/2427"}],"wp:attachment":[{"href":"https:\/\/barrelubrifiant.com\/index.php\/wp-json\/wp\/v2\/media?parent=83"}],"curies":[{"name":"wp","href":"https:\/\/api.w.org\/{rel}","templated":true}]}}