{"id":238,"date":"2023-11-09T17:51:29","date_gmt":"2023-11-09T16:51:29","guid":{"rendered":"https:\/\/barrelubrifiant.com\/?page_id=238"},"modified":"2023-11-10T10:30:04","modified_gmt":"2023-11-10T09:30:04","slug":"5w40-motor-oil","status":"publish","type":"page","link":"https:\/\/barrelubrifiant.com\/index.php\/5w40-motor-oil\/","title":{"rendered":"5W40"},"content":{"rendered":"\n<div class=\"wp-block-columns is-layout-flex wp-container-core-columns-is-layout-9d6595d7 wp-block-columns-is-layout-flex\">\n<div class=\"wp-block-column is-layout-flow wp-block-column-is-layout-flow\" style=\"flex-basis:66.66%\"><div class=\"gb-container gb-container-d4d141af\">\n\n<figure class=\"wp-block-image size-large is-resized\"><img decoding=\"async\" src=\"https:\/\/barrelubrifiant.com\/wp-content\/uploads\/2023\/11\/S-MO-5W40Descriptif-1-1024x927.png\" alt=\"\" class=\"wp-image-251\" style=\"width:353px\"\/><\/figure>\n\n<\/div>\n\n<div class=\"gb-container gb-container-e22bbb7c\">\n\n<p>S-MO 5W40 est une huile moteur aux performances sup\u00e9rieures. Elle convient pour les moteurs essence et diesel des voitures de tourisme et v\u00e9hicules utilitaires pour lesquels les sp\u00e9cifications les plus r\u00e9centes sont demand\u00e9es.<\/p>\n\n<\/div><\/div>\n\n\n\n<div class=\"wp-block-column is-layout-flow wp-block-column-is-layout-flow\" style=\"flex-basis:33.33%\">\n<figure class=\"wp-block-image size-large is-resized\"><img loading=\"lazy\" decoding=\"async\" width=\"589\" height=\"1024\" src=\"http:\/\/barrelubrifiant.com\/wp-content\/uploads\/2023\/11\/Bidon-5L-S-MO-5W40-589x1024.png\" alt=\"\" class=\"wp-image-189\" style=\"width:295px\" srcset=\"https:\/\/barrelubrifiant.com\/wp-content\/uploads\/2023\/11\/Bidon-5L-S-MO-5W40-589x1024.png 589w, https:\/\/barrelubrifiant.com\/wp-content\/uploads\/2023\/11\/Bidon-5L-S-MO-5W40-600x1043.png 600w, https:\/\/barrelubrifiant.com\/wp-content\/uploads\/2023\/11\/Bidon-5L-S-MO-5W40-173x300.png 173w, https:\/\/barrelubrifiant.com\/wp-content\/uploads\/2023\/11\/Bidon-5L-S-MO-5W40-768x1335.png 768w, https:\/\/barrelubrifiant.com\/wp-content\/uploads\/2023\/11\/Bidon-5L-S-MO-5W40-883x1536.png 883w, https:\/\/barrelubrifiant.com\/wp-content\/uploads\/2023\/11\/Bidon-5L-S-MO-5W40-1178x2048.png 1178w, https:\/\/barrelubrifiant.com\/wp-content\/uploads\/2023\/11\/Bidon-5L-S-MO-5W40-700x1217.png 700w, https:\/\/barrelubrifiant.com\/wp-content\/uploads\/2023\/11\/Bidon-5L-S-MO-5W40.png 1723w\" sizes=\"auto, (max-width: 589px) 100vw, 589px\" \/><\/figure>\n<\/div>\n<\/div>\n\n\n\n<div class=\"wp-block-columns is-layout-flex wp-container-core-columns-is-layout-9d6595d7 wp-block-columns-is-layout-flex\">\n<div class=\"wp-block-column is-layout-flow wp-block-column-is-layout-flow\" style=\"flex-basis:66.66%\"><div class=\"gb-container gb-container-52d097ec\">\n\n<figure class=\"wp-block-image size-large is-resized\"><img decoding=\"async\" src=\"http:\/\/barrelubrifiant.com\/wp-content\/uploads\/2023\/11\/X-MO-5W40-Descriptif-1024x884.png\" alt=\"\" class=\"wp-image-176\" style=\"width:353px\"\/><\/figure>\n\n<\/div>\n\n<div class=\"gb-container gb-container-df3e4752\">\n\n<p>X-MO 5W40 C3 est une huile moteur aux performances sup\u00e9rieures. Elle convient pour les moteurs essence et diesel des voitures de tourisme et v\u00e9hicules utilitaires. Sa formulation sp\u00e9cifique r\u00e9siste aux conditions d\u2019utilisations les plus s\u00e9v\u00e8res.<\/p>\n\n<\/div><\/div>\n\n\n\n<div class=\"wp-block-column is-layout-flow wp-block-column-is-layout-flow\" style=\"flex-basis:33.33%\">\n<figure class=\"wp-block-image size-large is-resized\"><img loading=\"lazy\" decoding=\"async\" width=\"589\" height=\"1024\" src=\"http:\/\/barrelubrifiant.com\/wp-content\/uploads\/2023\/11\/Bidon-5L-X-MO-5W40-C3-589x1024.png\" alt=\"\" class=\"wp-image-190\" style=\"width:295px\" srcset=\"https:\/\/barrelubrifiant.com\/wp-content\/uploads\/2023\/11\/Bidon-5L-X-MO-5W40-C3-589x1024.png 589w, https:\/\/barrelubrifiant.com\/wp-content\/uploads\/2023\/11\/Bidon-5L-X-MO-5W40-C3-600x1043.png 600w, https:\/\/barrelubrifiant.com\/wp-content\/uploads\/2023\/11\/Bidon-5L-X-MO-5W40-C3-173x300.png 173w, https:\/\/barrelubrifiant.com\/wp-content\/uploads\/2023\/11\/Bidon-5L-X-MO-5W40-C3-768x1335.png 768w, https:\/\/barrelubrifiant.com\/wp-content\/uploads\/2023\/11\/Bidon-5L-X-MO-5W40-C3-883x1536.png 883w, https:\/\/barrelubrifiant.com\/wp-content\/uploads\/2023\/11\/Bidon-5L-X-MO-5W40-C3-1178x2048.png 1178w, https:\/\/barrelubrifiant.com\/wp-content\/uploads\/2023\/11\/Bidon-5L-X-MO-5W40-C3-700x1217.png 700w, https:\/\/barrelubrifiant.com\/wp-content\/uploads\/2023\/11\/Bidon-5L-X-MO-5W40-C3.png 1723w\" sizes=\"auto, (max-width: 589px) 100vw, 589px\" \/><\/figure>\n<\/div>\n<\/div>\n","protected":false},"excerpt":{"rendered":"<p>S-MO 5W40 est une huile moteur aux performances sup\u00e9rieures. Elle convient pour les moteurs essence et diesel des voitures de tourisme et v\u00e9hicules utilitaires pour lesquels les sp\u00e9cifications les plus r\u00e9centes sont demand\u00e9es. X-MO 5W40 C3 est une huile moteur aux performances sup\u00e9rieures. Elle convient&#8230;<\/p>\n","protected":false},"author":1,"featured_media":0,"parent":0,"menu_order":0,"comment_status":"closed","ping_status":"closed","template":"","meta":{"footnotes":""},"class_list":["post-238","page","type-page","status-publish","hentry"],"_links":{"self":[{"href":"https:\/\/barrelubrifiant.com\/index.php\/wp-json\/wp\/v2\/pages\/238","targetHints":{"allow":["GET"]}}],"collection":[{"href":"https:\/\/barrelubrifiant.com\/index.php\/wp-json\/wp\/v2\/pages"}],"about":[{"href":"https:\/\/barrelubrifiant.com\/index.php\/wp-json\/wp\/v2\/types\/page"}],"author":[{"embeddable":true,"href":"https:\/\/barrelubrifiant.com\/index.php\/wp-json\/wp\/v2\/users\/1"}],"replies":[{"embeddable":true,"href":"https:\/\/barrelubrifiant.com\/index.php\/wp-json\/wp\/v2\/comments?post=238"}],"version-history":[{"count":3,"href":"https:\/\/barrelubrifiant.com\/index.php\/wp-json\/wp\/v2\/pages\/238\/revisions"}],"predecessor-version":[{"id":263,"href":"https:\/\/barrelubrifiant.com\/index.php\/wp-json\/wp\/v2\/pages\/238\/revisions\/263"}],"wp:attachment":[{"href":"https:\/\/barrelubrifiant.com\/index.php\/wp-json\/wp\/v2\/media?parent=238"}],"curies":[{"name":"wp","href":"https:\/\/api.w.org\/{rel}","templated":true}]}}