{"id":2220,"date":"2024-02-08T17:21:03","date_gmt":"2024-02-08T16:21:03","guid":{"rendered":"https:\/\/barrelubrifiant.com\/?page_id=2220"},"modified":"2024-04-08T13:38:10","modified_gmt":"2024-04-08T11:38:10","slug":"huile-moteur-automobile","status":"publish","type":"page","link":"https:\/\/barrelubrifiant.com\/index.php\/huile-moteur-automobile\/","title":{"rendered":"LIQUIDE DE REFROIDISSEMENT"},"content":{"rendered":"<p>[vc_row row_type=\u00a0\u00bbrow\u00a0\u00bb use_row_as_full_screen_section=\u00a0\u00bbno\u00a0\u00bb type=\u00a0\u00bbfull_width\u00a0\u00bb oblique_section=\u00a0\u00bbno\u00a0\u00bb text_align=\u00a0\u00bbleft\u00a0\u00bb Overflow=\u00a0\u00bb\u00a0\u00bb triangle_shape=\u00a0\u00bbno\u00a0\u00bb css_animation=\u00a0\u00bb\u00a0\u00bb][vc_column css=\u00a0\u00bb.vc_custom_1707409651471{padding-top: 30px !important;padding-left: 20px !important;}\u00a0\u00bb][vc_column_text]<\/p>\n\n<div class=\"gb-container gb-container-fb46b9e9\">\n\n<div class=\"wp-block-columns is-layout-flex wp-container-core-columns-is-layout-9d6595d7 wp-block-columns-is-layout-flex\">\n<div class=\"wp-block-column is-layout-flow wp-block-column-is-layout-flow\" style=\"flex-basis:66.66%\">\n<figure class=\"gb-block-image gb-block-image-711e3022\"><img loading=\"lazy\" decoding=\"async\" width=\"1024\" height=\"465\" class=\"gb-image gb-image-711e3022\" src=\"http:\/\/barrelubrifiant.com\/wp-content\/uploads\/2024\/03\/Descriptif-Liquide-de-refroidissement-G12-1024x465.png\" alt=\"\" title=\"D\u00e9scriptif Liquide de refroidissement G12+\" srcset=\"https:\/\/barrelubrifiant.com\/wp-content\/uploads\/2024\/03\/Descriptif-Liquide-de-refroidissement-G12-1024x465.png 1024w, https:\/\/barrelubrifiant.com\/wp-content\/uploads\/2024\/03\/Descriptif-Liquide-de-refroidissement-G12-300x136.png 300w, https:\/\/barrelubrifiant.com\/wp-content\/uploads\/2024\/03\/Descriptif-Liquide-de-refroidissement-G12-768x349.png 768w, https:\/\/barrelubrifiant.com\/wp-content\/uploads\/2024\/03\/Descriptif-Liquide-de-refroidissement-G12-1536x697.png 1536w, https:\/\/barrelubrifiant.com\/wp-content\/uploads\/2024\/03\/Descriptif-Liquide-de-refroidissement-G12-700x318.png 700w, https:\/\/barrelubrifiant.com\/wp-content\/uploads\/2024\/03\/Descriptif-Liquide-de-refroidissement-G12-1100x500.png 1100w, https:\/\/barrelubrifiant.com\/wp-content\/uploads\/2024\/03\/Descriptif-Liquide-de-refroidissement-G12.png 1996w\" sizes=\"auto, (max-width: 1024px) 100vw, 1024px\" \/><\/figure>\n\n\n\n<p>L&rsquo;antigel pr\u00eat \u00e0 l&#8217;emploi ANTIFREEZE COOLANT est un m\u00e9lange \u00e0 base d&rsquo;\u00e9thyl\u00e8ne glycol con\u00e7u avec un ensemble d&rsquo;additifs simples et efficaces. Il est m\u00e9lang\u00e9 \u00e0 de l\u2019eau d\u00e9min\u00e9ralis\u00e9e et se pr\u00e9sente sous forme rose.<br>Il prot\u00e8ge du gel jusqu&rsquo;\u00e0 -35\u00b0C.<\/p>\n\n\n\n<div style=\"height:130px\" aria-hidden=\"true\" class=\"wp-block-spacer\"><\/div>\n<\/div>\n\n\n\n<div class=\"wp-block-column is-layout-flow wp-block-column-is-layout-flow\" style=\"flex-basis:33.33%\">\n<figure class=\"wp-block-image size-large is-resized\"><img loading=\"lazy\" decoding=\"async\" width=\"862\" height=\"1024\" src=\"https:\/\/barrelubrifiant.com\/wp-content\/uploads\/2024\/02\/liquide-refroidissement-35-g12-5l-862x1024.png\" alt=\"\" class=\"wp-image-2279\" style=\"width:325px;height:auto\" srcset=\"https:\/\/barrelubrifiant.com\/wp-content\/uploads\/2024\/02\/liquide-refroidissement-35-g12-5l-862x1024.png 862w, https:\/\/barrelubrifiant.com\/wp-content\/uploads\/2024\/02\/liquide-refroidissement-35-g12-5l-253x300.png 253w, https:\/\/barrelubrifiant.com\/wp-content\/uploads\/2024\/02\/liquide-refroidissement-35-g12-5l-768x912.png 768w, https:\/\/barrelubrifiant.com\/wp-content\/uploads\/2024\/02\/liquide-refroidissement-35-g12-5l-700x831.png 700w, https:\/\/barrelubrifiant.com\/wp-content\/uploads\/2024\/02\/liquide-refroidissement-35-g12-5l-600x713.png 600w, https:\/\/barrelubrifiant.com\/wp-content\/uploads\/2024\/02\/liquide-refroidissement-35-g12-5l.png 1200w\" sizes=\"auto, (max-width: 862px) 100vw, 862px\" \/><\/figure>\n<\/div>\n<\/div>\n\n<\/div>\n\n<div class=\"gb-container gb-container-939e95f0\">\n\n<div class=\"wp-block-columns is-layout-flex wp-container-core-columns-is-layout-9d6595d7 wp-block-columns-is-layout-flex\">\n<div class=\"wp-block-column is-layout-flow wp-block-column-is-layout-flow\" style=\"flex-basis:66.66%\">\n<figure class=\"wp-block-image size-large is-resized\"><img loading=\"lazy\" decoding=\"async\" width=\"1024\" height=\"426\" src=\"http:\/\/barrelubrifiant.com\/wp-content\/uploads\/2024\/04\/Descriptif-Liquide-de-refroidissement-Universel-30-1024x426.png\" alt=\"\" class=\"wp-image-2432\" style=\"width:674px;height:auto\" srcset=\"https:\/\/barrelubrifiant.com\/wp-content\/uploads\/2024\/04\/Descriptif-Liquide-de-refroidissement-Universel-30-1024x426.png 1024w, https:\/\/barrelubrifiant.com\/wp-content\/uploads\/2024\/04\/Descriptif-Liquide-de-refroidissement-Universel-30-300x125.png 300w, https:\/\/barrelubrifiant.com\/wp-content\/uploads\/2024\/04\/Descriptif-Liquide-de-refroidissement-Universel-30-768x320.png 768w, https:\/\/barrelubrifiant.com\/wp-content\/uploads\/2024\/04\/Descriptif-Liquide-de-refroidissement-Universel-30-1536x639.png 1536w, https:\/\/barrelubrifiant.com\/wp-content\/uploads\/2024\/04\/Descriptif-Liquide-de-refroidissement-Universel-30-700x291.png 700w, https:\/\/barrelubrifiant.com\/wp-content\/uploads\/2024\/04\/Descriptif-Liquide-de-refroidissement-Universel-30-600x250.png 600w, https:\/\/barrelubrifiant.com\/wp-content\/uploads\/2024\/04\/Descriptif-Liquide-de-refroidissement-Universel-30.png 1992w\" sizes=\"auto, (max-width: 1024px) 100vw, 1024px\" \/><\/figure>\n\n\n\n<p>L&rsquo;antigel pr\u00eat \u00e0 l&#8217;emploi ANTIFREEZE COOLANT est un m\u00e9lange \u00e0 base d&rsquo;\u00e9thyl\u00e8ne glycol con\u00e7u avec un ensemble d&rsquo;additifs simples et efficaces. Il est m\u00e9lang\u00e9 \u00e0 de l\u2019eau d\u00e9min\u00e9ralis\u00e9e et se pr\u00e9sente sous forme rose.<br>Il prot\u00e8ge du gel jusqu&rsquo;\u00e0 -30\u00b0C.<\/p>\n\n\n\n<div style=\"height:130px\" aria-hidden=\"true\" class=\"wp-block-spacer\"><\/div>\n<\/div>\n\n\n\n<div class=\"wp-block-column is-layout-flow wp-block-column-is-layout-flow\" style=\"flex-basis:33.33%\">\n<figure class=\"wp-block-image size-large is-resized\"><img loading=\"lazy\" decoding=\"async\" width=\"862\" height=\"1024\" src=\"http:\/\/barrelubrifiant.com\/wp-content\/uploads\/2024\/02\/liquide-refroidissement-30-Universel-2-5l-3-862x1024.png\" alt=\"\" class=\"wp-image-2264\" style=\"width:320px;height:auto\" srcset=\"https:\/\/barrelubrifiant.com\/wp-content\/uploads\/2024\/02\/liquide-refroidissement-30-Universel-2-5l-3-862x1024.png 862w, https:\/\/barrelubrifiant.com\/wp-content\/uploads\/2024\/02\/liquide-refroidissement-30-Universel-2-5l-3-253x300.png 253w, https:\/\/barrelubrifiant.com\/wp-content\/uploads\/2024\/02\/liquide-refroidissement-30-Universel-2-5l-3-768x912.png 768w, https:\/\/barrelubrifiant.com\/wp-content\/uploads\/2024\/02\/liquide-refroidissement-30-Universel-2-5l-3-700x831.png 700w, https:\/\/barrelubrifiant.com\/wp-content\/uploads\/2024\/02\/liquide-refroidissement-30-Universel-2-5l-3-600x713.png 600w, https:\/\/barrelubrifiant.com\/wp-content\/uploads\/2024\/02\/liquide-refroidissement-30-Universel-2-5l-3.png 1200w\" sizes=\"auto, (max-width: 862px) 100vw, 862px\" \/><\/figure>\n<\/div>\n<\/div>\n\n<\/div>\n\n<div class=\"gb-container gb-container-22693f78\">\n\n<div class=\"wp-block-columns is-layout-flex wp-container-core-columns-is-layout-9d6595d7 wp-block-columns-is-layout-flex\">\n<div class=\"wp-block-column is-layout-flow wp-block-column-is-layout-flow\" style=\"flex-basis:66.66%\">\n<figure class=\"wp-block-image size-large is-resized\"><img loading=\"lazy\" decoding=\"async\" width=\"1024\" height=\"465\" src=\"http:\/\/barrelubrifiant.com\/wp-content\/uploads\/2024\/03\/Descriptif-Liquide-de-refroidissement-toyota-1024x465.png\" alt=\"\" class=\"wp-image-2394\" style=\"width:677px;height:auto\" srcset=\"https:\/\/barrelubrifiant.com\/wp-content\/uploads\/2024\/03\/Descriptif-Liquide-de-refroidissement-toyota-1024x465.png 1024w, https:\/\/barrelubrifiant.com\/wp-content\/uploads\/2024\/03\/Descriptif-Liquide-de-refroidissement-toyota-300x136.png 300w, https:\/\/barrelubrifiant.com\/wp-content\/uploads\/2024\/03\/Descriptif-Liquide-de-refroidissement-toyota-768x349.png 768w, https:\/\/barrelubrifiant.com\/wp-content\/uploads\/2024\/03\/Descriptif-Liquide-de-refroidissement-toyota-1536x698.png 1536w, https:\/\/barrelubrifiant.com\/wp-content\/uploads\/2024\/03\/Descriptif-Liquide-de-refroidissement-toyota-700x318.png 700w, https:\/\/barrelubrifiant.com\/wp-content\/uploads\/2024\/03\/Descriptif-Liquide-de-refroidissement-toyota-1100x500.png 1100w, https:\/\/barrelubrifiant.com\/wp-content\/uploads\/2024\/03\/Descriptif-Liquide-de-refroidissement-toyota-600x273.png 600w, https:\/\/barrelubrifiant.com\/wp-content\/uploads\/2024\/03\/Descriptif-Liquide-de-refroidissement-toyota.png 1992w\" sizes=\"auto, (max-width: 1024px) 100vw, 1024px\" \/><\/figure>\n\n\n\n<p>L&rsquo;antigel pr\u00eat \u00e0 l&#8217;emploi ANTIFREEZE COOLANT est un m\u00e9lange \u00e0 base d&rsquo;\u00e9thyl\u00e8ne glycol con\u00e7u avec un ensemble d&rsquo;additifs simples et efficaces. Il est m\u00e9lang\u00e9 \u00e0 de l\u2019eau d\u00e9min\u00e9ralis\u00e9e et se pr\u00e9sente sous forme orange.<br>Il prot\u00e8ge du gel jusqu&rsquo;\u00e0 -37\u00b0C.<\/p>\n\n\n\n<div style=\"height:130px\" aria-hidden=\"true\" class=\"wp-block-spacer\"><\/div>\n<\/div>\n\n\n\n<div class=\"wp-block-column is-layout-flow wp-block-column-is-layout-flow\" style=\"flex-basis:33.33%\">\n<figure class=\"wp-block-image size-large is-resized\"><img loading=\"lazy\" decoding=\"async\" width=\"862\" height=\"1024\" src=\"https:\/\/barrelubrifiant.com\/wp-content\/uploads\/2024\/02\/liquide-refroidissement-37-toyota-2-5l-4-862x1024.png\" alt=\"\" class=\"wp-image-2277\" style=\"width:318px;height:auto\" srcset=\"https:\/\/barrelubrifiant.com\/wp-content\/uploads\/2024\/02\/liquide-refroidissement-37-toyota-2-5l-4-862x1024.png 862w, https:\/\/barrelubrifiant.com\/wp-content\/uploads\/2024\/02\/liquide-refroidissement-37-toyota-2-5l-4-253x300.png 253w, https:\/\/barrelubrifiant.com\/wp-content\/uploads\/2024\/02\/liquide-refroidissement-37-toyota-2-5l-4-768x912.png 768w, https:\/\/barrelubrifiant.com\/wp-content\/uploads\/2024\/02\/liquide-refroidissement-37-toyota-2-5l-4-700x831.png 700w, https:\/\/barrelubrifiant.com\/wp-content\/uploads\/2024\/02\/liquide-refroidissement-37-toyota-2-5l-4-600x713.png 600w, https:\/\/barrelubrifiant.com\/wp-content\/uploads\/2024\/02\/liquide-refroidissement-37-toyota-2-5l-4.png 1200w\" sizes=\"auto, (max-width: 862px) 100vw, 862px\" \/><\/figure>\n<\/div>\n<\/div>\n\n<\/div>\n\n<div class=\"gb-container gb-container-b27f549d\">\n\n<div class=\"wp-block-columns is-layout-flex wp-container-core-columns-is-layout-9d6595d7 wp-block-columns-is-layout-flex\">\n<div class=\"wp-block-column is-layout-flow wp-block-column-is-layout-flow\" style=\"flex-basis:66.66%\">\n<figure class=\"wp-block-image size-large is-resized\"><img loading=\"lazy\" decoding=\"async\" width=\"1024\" height=\"446\" src=\"http:\/\/barrelubrifiant.com\/wp-content\/uploads\/2024\/04\/Descriptif-Liquide-de-refroidissement-Universel-25-1024x446.png\" alt=\"\" class=\"wp-image-2433\" style=\"width:665px;height:auto\" srcset=\"https:\/\/barrelubrifiant.com\/wp-content\/uploads\/2024\/04\/Descriptif-Liquide-de-refroidissement-Universel-25-1024x446.png 1024w, https:\/\/barrelubrifiant.com\/wp-content\/uploads\/2024\/04\/Descriptif-Liquide-de-refroidissement-Universel-25-300x131.png 300w, https:\/\/barrelubrifiant.com\/wp-content\/uploads\/2024\/04\/Descriptif-Liquide-de-refroidissement-Universel-25-768x334.png 768w, https:\/\/barrelubrifiant.com\/wp-content\/uploads\/2024\/04\/Descriptif-Liquide-de-refroidissement-Universel-25-1536x669.png 1536w, https:\/\/barrelubrifiant.com\/wp-content\/uploads\/2024\/04\/Descriptif-Liquide-de-refroidissement-Universel-25-700x305.png 700w, https:\/\/barrelubrifiant.com\/wp-content\/uploads\/2024\/04\/Descriptif-Liquide-de-refroidissement-Universel-25-600x261.png 600w, https:\/\/barrelubrifiant.com\/wp-content\/uploads\/2024\/04\/Descriptif-Liquide-de-refroidissement-Universel-25.png 1992w\" sizes=\"auto, (max-width: 1024px) 100vw, 1024px\" \/><\/figure>\n\n\n\n<p>L&rsquo;antigel pr\u00eat \u00e0 l&#8217;emploi ANTIFREEZE COOLANT est un m\u00e9lange \u00e0 base d&rsquo;\u00e9thyl\u00e8ne glycol con\u00e7u avec un ensemble d&rsquo;additifs simples et efficaces. Il est m\u00e9lang\u00e9 \u00e0 de l\u2019eau d\u00e9min\u00e9ralis\u00e9e et se pr\u00e9sente sous forme Jaune.<br>Il prot\u00e8ge du gel jusqu&rsquo;\u00e0 -25\u00b0C.<\/p>\n\n\n\n<div style=\"height:130px\" aria-hidden=\"true\" class=\"wp-block-spacer\"><\/div>\n<\/div>\n\n\n\n<div class=\"wp-block-column is-layout-flow wp-block-column-is-layout-flow\" style=\"flex-basis:33.33%\">\n<figure class=\"wp-block-image size-large is-resized\"><img loading=\"lazy\" decoding=\"async\" width=\"862\" height=\"1024\" src=\"http:\/\/barrelubrifiant.com\/wp-content\/uploads\/2023\/11\/liquide-refroidissement-25-5l-862x1024.png\" alt=\"\" class=\"wp-image-265\" style=\"width:318px;height:auto\" srcset=\"https:\/\/barrelubrifiant.com\/wp-content\/uploads\/2023\/11\/liquide-refroidissement-25-5l-862x1024.png 862w, https:\/\/barrelubrifiant.com\/wp-content\/uploads\/2023\/11\/liquide-refroidissement-25-5l-600x713.png 600w, https:\/\/barrelubrifiant.com\/wp-content\/uploads\/2023\/11\/liquide-refroidissement-25-5l-253x300.png 253w, https:\/\/barrelubrifiant.com\/wp-content\/uploads\/2023\/11\/liquide-refroidissement-25-5l-768x912.png 768w, https:\/\/barrelubrifiant.com\/wp-content\/uploads\/2023\/11\/liquide-refroidissement-25-5l-700x831.png 700w, https:\/\/barrelubrifiant.com\/wp-content\/uploads\/2023\/11\/liquide-refroidissement-25-5l.png 1200w\" sizes=\"auto, (max-width: 862px) 100vw, 862px\" \/><\/figure>\n<\/div>\n<\/div>\n\n<\/div>\n\n<div class=\"gb-container gb-container-65adbec1\">\n\n<div class=\"wp-block-columns is-layout-flex wp-container-core-columns-is-layout-9d6595d7 wp-block-columns-is-layout-flex\">\n<div class=\"wp-block-column is-layout-flow wp-block-column-is-layout-flow\" style=\"flex-basis:66.66%\">\n<figure class=\"wp-block-image size-large is-resized\"><img loading=\"lazy\" decoding=\"async\" width=\"1024\" height=\"465\" src=\"http:\/\/barrelubrifiant.com\/wp-content\/uploads\/2024\/03\/Descriptif-Liquide-de-refroidissement-G13-1024x465.png\" alt=\"\" class=\"wp-image-2386\" style=\"width:677px;height:auto\" srcset=\"https:\/\/barrelubrifiant.com\/wp-content\/uploads\/2024\/03\/Descriptif-Liquide-de-refroidissement-G13-1024x465.png 1024w, https:\/\/barrelubrifiant.com\/wp-content\/uploads\/2024\/03\/Descriptif-Liquide-de-refroidissement-G13-300x136.png 300w, https:\/\/barrelubrifiant.com\/wp-content\/uploads\/2024\/03\/Descriptif-Liquide-de-refroidissement-G13-768x349.png 768w, https:\/\/barrelubrifiant.com\/wp-content\/uploads\/2024\/03\/Descriptif-Liquide-de-refroidissement-G13-1536x698.png 1536w, https:\/\/barrelubrifiant.com\/wp-content\/uploads\/2024\/03\/Descriptif-Liquide-de-refroidissement-G13-700x318.png 700w, https:\/\/barrelubrifiant.com\/wp-content\/uploads\/2024\/03\/Descriptif-Liquide-de-refroidissement-G13-1100x500.png 1100w, https:\/\/barrelubrifiant.com\/wp-content\/uploads\/2024\/03\/Descriptif-Liquide-de-refroidissement-G13-600x272.png 600w, https:\/\/barrelubrifiant.com\/wp-content\/uploads\/2024\/03\/Descriptif-Liquide-de-refroidissement-G13.png 1995w\" sizes=\"auto, (max-width: 1024px) 100vw, 1024px\" \/><\/figure>\n\n\n\n<p>L&rsquo;antigel pr\u00eat \u00e0 l&#8217;emploi ANTIFREEZE COOLANT est un m\u00e9lange \u00e0 base d&rsquo;\u00e9thyl\u00e8ne glycol con\u00e7u avec un ensemble d&rsquo;additifs simples et efficaces. Il est m\u00e9lang\u00e9 \u00e0 de l\u2019eau d\u00e9min\u00e9ralis\u00e9e et se pr\u00e9sente sous forme rose.<br>Il prot\u00e8ge du gel jusqu&rsquo;\u00e0 -30\u00b0C.<\/p>\n\n\n\n<div style=\"height:130px\" aria-hidden=\"true\" class=\"wp-block-spacer\"><\/div>\n<\/div>\n\n\n\n<div class=\"wp-block-column is-layout-flow wp-block-column-is-layout-flow\" style=\"flex-basis:33.33%\">\n<figure class=\"wp-block-image size-large is-resized\"><img loading=\"lazy\" decoding=\"async\" width=\"862\" height=\"1024\" src=\"https:\/\/barrelubrifiant.com\/wp-content\/uploads\/2024\/02\/liquide-refroidissement-30-Universel-5l-862x1024.png\" alt=\"\" class=\"wp-image-2280\" style=\"width:331px;height:auto\" srcset=\"https:\/\/barrelubrifiant.com\/wp-content\/uploads\/2024\/02\/liquide-refroidissement-30-Universel-5l-862x1024.png 862w, https:\/\/barrelubrifiant.com\/wp-content\/uploads\/2024\/02\/liquide-refroidissement-30-Universel-5l-253x300.png 253w, https:\/\/barrelubrifiant.com\/wp-content\/uploads\/2024\/02\/liquide-refroidissement-30-Universel-5l-768x912.png 768w, https:\/\/barrelubrifiant.com\/wp-content\/uploads\/2024\/02\/liquide-refroidissement-30-Universel-5l-700x831.png 700w, https:\/\/barrelubrifiant.com\/wp-content\/uploads\/2024\/02\/liquide-refroidissement-30-Universel-5l-600x713.png 600w, https:\/\/barrelubrifiant.com\/wp-content\/uploads\/2024\/02\/liquide-refroidissement-30-Universel-5l.png 1200w\" sizes=\"auto, (max-width: 862px) 100vw, 862px\" \/><\/figure>\n<\/div>\n<\/div>\n\n<\/div>\n\n<div class=\"gb-container gb-container-6878aceb\">\n\n<div class=\"wp-block-columns is-layout-flex wp-container-core-columns-is-layout-9d6595d7 wp-block-columns-is-layout-flex\">\n<div class=\"wp-block-column is-layout-flow wp-block-column-is-layout-flow\" style=\"flex-basis:66.66%\">\n<figure class=\"wp-block-image size-large is-resized\"><img loading=\"lazy\" decoding=\"async\" width=\"1024\" height=\"466\" src=\"http:\/\/barrelubrifiant.com\/wp-content\/uploads\/2024\/03\/Descriptif-Liquide-de-refroidissement-G11-1024x466.png\" alt=\"\" class=\"wp-image-2385\" style=\"width:679px;height:auto\" srcset=\"https:\/\/barrelubrifiant.com\/wp-content\/uploads\/2024\/03\/Descriptif-Liquide-de-refroidissement-G11-1024x466.png 1024w, https:\/\/barrelubrifiant.com\/wp-content\/uploads\/2024\/03\/Descriptif-Liquide-de-refroidissement-G11-300x136.png 300w, https:\/\/barrelubrifiant.com\/wp-content\/uploads\/2024\/03\/Descriptif-Liquide-de-refroidissement-G11-768x349.png 768w, https:\/\/barrelubrifiant.com\/wp-content\/uploads\/2024\/03\/Descriptif-Liquide-de-refroidissement-G11-1536x699.png 1536w, https:\/\/barrelubrifiant.com\/wp-content\/uploads\/2024\/03\/Descriptif-Liquide-de-refroidissement-G11-700x318.png 700w, https:\/\/barrelubrifiant.com\/wp-content\/uploads\/2024\/03\/Descriptif-Liquide-de-refroidissement-G11-1100x500.png 1100w, https:\/\/barrelubrifiant.com\/wp-content\/uploads\/2024\/03\/Descriptif-Liquide-de-refroidissement-G11-600x273.png 600w, https:\/\/barrelubrifiant.com\/wp-content\/uploads\/2024\/03\/Descriptif-Liquide-de-refroidissement-G11.png 1992w\" sizes=\"auto, (max-width: 1024px) 100vw, 1024px\" \/><\/figure>\n\n\n\n<p>L&rsquo;antigel pr\u00eat \u00e0 l&#8217;emploi ANTIFREEZE COOLANT est un m\u00e9lange \u00e0 base d&rsquo;\u00e9thyl\u00e8ne glycol con\u00e7u avec un ensemble d&rsquo;additifs simples et efficaces. Il est m\u00e9lang\u00e9 \u00e0 de l\u2019eau d\u00e9min\u00e9ralis\u00e9e et se pr\u00e9sente sous forme vert.<br>Il prot\u00e8ge du gel jusqu&rsquo;\u00e0 -37\u00b0C.<\/p>\n\n\n\n<div style=\"height:130px\" aria-hidden=\"true\" class=\"wp-block-spacer\"><\/div>\n<\/div>\n\n\n\n<div class=\"wp-block-column is-layout-flow wp-block-column-is-layout-flow\" style=\"flex-basis:33.33%\">\n<figure class=\"wp-block-image size-large is-resized\"><img loading=\"lazy\" decoding=\"async\" width=\"862\" height=\"1024\" src=\"https:\/\/barrelubrifiant.com\/wp-content\/uploads\/2024\/02\/liquide-refroidissement-30-g11-2-5l-4-862x1024.png\" alt=\"\" class=\"wp-image-2276\" style=\"width:332px;height:auto\" srcset=\"https:\/\/barrelubrifiant.com\/wp-content\/uploads\/2024\/02\/liquide-refroidissement-30-g11-2-5l-4-862x1024.png 862w, https:\/\/barrelubrifiant.com\/wp-content\/uploads\/2024\/02\/liquide-refroidissement-30-g11-2-5l-4-253x300.png 253w, https:\/\/barrelubrifiant.com\/wp-content\/uploads\/2024\/02\/liquide-refroidissement-30-g11-2-5l-4-768x912.png 768w, https:\/\/barrelubrifiant.com\/wp-content\/uploads\/2024\/02\/liquide-refroidissement-30-g11-2-5l-4-700x831.png 700w, https:\/\/barrelubrifiant.com\/wp-content\/uploads\/2024\/02\/liquide-refroidissement-30-g11-2-5l-4-600x713.png 600w, https:\/\/barrelubrifiant.com\/wp-content\/uploads\/2024\/02\/liquide-refroidissement-30-g11-2-5l-4.png 1200w\" sizes=\"auto, (max-width: 862px) 100vw, 862px\" \/><\/figure>\n<\/div>\n<\/div>\n\n<\/div>\n\n<div class=\"gb-container gb-container-aeaec580\">\n\n<div class=\"wp-block-columns is-layout-flex wp-container-core-columns-is-layout-9d6595d7 wp-block-columns-is-layout-flex\">\n<div class=\"wp-block-column is-layout-flow wp-block-column-is-layout-flow\" style=\"flex-basis:66.66%\">\n<figure class=\"wp-block-image size-large is-resized\"><img loading=\"lazy\" decoding=\"async\" width=\"1024\" height=\"406\" src=\"http:\/\/barrelubrifiant.com\/wp-content\/uploads\/2024\/03\/Descriptif-Liquide-de-refroidissement-PSA-1024x406.png\" alt=\"\" class=\"wp-image-2387\" style=\"width:680px;height:auto\" srcset=\"https:\/\/barrelubrifiant.com\/wp-content\/uploads\/2024\/03\/Descriptif-Liquide-de-refroidissement-PSA-1024x406.png 1024w, https:\/\/barrelubrifiant.com\/wp-content\/uploads\/2024\/03\/Descriptif-Liquide-de-refroidissement-PSA-300x119.png 300w, https:\/\/barrelubrifiant.com\/wp-content\/uploads\/2024\/03\/Descriptif-Liquide-de-refroidissement-PSA-768x305.png 768w, https:\/\/barrelubrifiant.com\/wp-content\/uploads\/2024\/03\/Descriptif-Liquide-de-refroidissement-PSA-1536x609.png 1536w, https:\/\/barrelubrifiant.com\/wp-content\/uploads\/2024\/03\/Descriptif-Liquide-de-refroidissement-PSA-700x278.png 700w, https:\/\/barrelubrifiant.com\/wp-content\/uploads\/2024\/03\/Descriptif-Liquide-de-refroidissement-PSA-600x238.png 600w, https:\/\/barrelubrifiant.com\/wp-content\/uploads\/2024\/03\/Descriptif-Liquide-de-refroidissement-PSA.png 1991w\" sizes=\"auto, (max-width: 1024px) 100vw, 1024px\" \/><\/figure>\n\n\n\n<p>L&rsquo;antigel pr\u00eat \u00e0 l&#8217;emploi ANTIFREEZE COOLANT est un m\u00e9lange \u00e0 base d&rsquo;\u00e9thyl\u00e8ne glycol con\u00e7u avec un ensemble d&rsquo;additifs simples et efficaces. Il est m\u00e9lang\u00e9 \u00e0 de l\u2019eau d\u00e9min\u00e9ralis\u00e9e et se pr\u00e9sente sous forme bleu.<br>Il prot\u00e8ge du gel jusqu&rsquo;\u00e0 -35\u00b0C.<\/p>\n\n\n\n<div style=\"height:130px\" aria-hidden=\"true\" class=\"wp-block-spacer\"><\/div>\n<\/div>\n\n\n\n<div class=\"wp-block-column is-layout-flow wp-block-column-is-layout-flow\" style=\"flex-basis:33.33%\">\n<figure class=\"wp-block-image size-large is-resized\"><img loading=\"lazy\" decoding=\"async\" width=\"862\" height=\"1024\" src=\"http:\/\/barrelubrifiant.com\/wp-content\/uploads\/2024\/03\/liquide-refroidissement-35-PSA-5l-DUO-862x1024.png\" alt=\"\" class=\"wp-image-2345\" style=\"width:329px;height:auto\" srcset=\"https:\/\/barrelubrifiant.com\/wp-content\/uploads\/2024\/03\/liquide-refroidissement-35-PSA-5l-DUO-862x1024.png 862w, https:\/\/barrelubrifiant.com\/wp-content\/uploads\/2024\/03\/liquide-refroidissement-35-PSA-5l-DUO-253x300.png 253w, https:\/\/barrelubrifiant.com\/wp-content\/uploads\/2024\/03\/liquide-refroidissement-35-PSA-5l-DUO-768x912.png 768w, https:\/\/barrelubrifiant.com\/wp-content\/uploads\/2024\/03\/liquide-refroidissement-35-PSA-5l-DUO-1294x1536.png 1294w, https:\/\/barrelubrifiant.com\/wp-content\/uploads\/2024\/03\/liquide-refroidissement-35-PSA-5l-DUO-1725x2048.png 1725w, https:\/\/barrelubrifiant.com\/wp-content\/uploads\/2024\/03\/liquide-refroidissement-35-PSA-5l-DUO-700x831.png 700w, https:\/\/barrelubrifiant.com\/wp-content\/uploads\/2024\/03\/liquide-refroidissement-35-PSA-5l-DUO-600x712.png 600w\" sizes=\"auto, (max-width: 862px) 100vw, 862px\" \/><\/figure>\n<\/div>\n<\/div>\n\n<\/div>\n\n<p>[\/vc_column_text][\/vc_column][\/vc_row]<\/p>","protected":false},"excerpt":{"rendered":"<p>[vc_row row_type=\u00a0\u00bbrow\u00a0\u00bb use_row_as_full_screen_section=\u00a0\u00bbno\u00a0\u00bb type=\u00a0\u00bbfull_width\u00a0\u00bb oblique_section=\u00a0\u00bbno\u00a0\u00bb text_align=\u00a0\u00bbleft\u00a0\u00bb Overflow=\u00a0\u00bb\u00a0\u00bb triangle_shape=\u00a0\u00bbno\u00a0\u00bb css_animation=\u00a0\u00bb\u00a0\u00bb][vc_column css=\u00a0\u00bb.vc_custom_1707409651471{padding-top: 30px !important;padding-left: 20px !important;}\u00a0\u00bb][vc_column_text] L&rsquo;antigel pr\u00eat \u00e0 l&#8217;emploi ANTIFREEZE COOLANT est un m\u00e9lange \u00e0 base d&rsquo;\u00e9thyl\u00e8ne glycol con\u00e7u avec un ensemble d&rsquo;additifs simples et efficaces. Il est m\u00e9lang\u00e9 \u00e0 de l\u2019eau d\u00e9min\u00e9ralis\u00e9e et se pr\u00e9sente&#8230;<\/p>\n","protected":false},"author":1,"featured_media":0,"parent":0,"menu_order":0,"comment_status":"open","ping_status":"closed","template":"full_width.php","meta":{"footnotes":""},"class_list":["post-2220","page","type-page","status-publish","hentry"],"_links":{"self":[{"href":"https:\/\/barrelubrifiant.com\/index.php\/wp-json\/wp\/v2\/pages\/2220","targetHints":{"allow":["GET"]}}],"collection":[{"href":"https:\/\/barrelubrifiant.com\/index.php\/wp-json\/wp\/v2\/pages"}],"about":[{"href":"https:\/\/barrelubrifiant.com\/index.php\/wp-json\/wp\/v2\/types\/page"}],"author":[{"embeddable":true,"href":"https:\/\/barrelubrifiant.com\/index.php\/wp-json\/wp\/v2\/users\/1"}],"replies":[{"embeddable":true,"href":"https:\/\/barrelubrifiant.com\/index.php\/wp-json\/wp\/v2\/comments?post=2220"}],"version-history":[{"count":41,"href":"https:\/\/barrelubrifiant.com\/index.php\/wp-json\/wp\/v2\/pages\/2220\/revisions"}],"predecessor-version":[{"id":2434,"href":"https:\/\/barrelubrifiant.com\/index.php\/wp-json\/wp\/v2\/pages\/2220\/revisions\/2434"}],"wp:attachment":[{"href":"https:\/\/barrelubrifiant.com\/index.php\/wp-json\/wp\/v2\/media?parent=2220"}],"curies":[{"name":"wp","href":"https:\/\/api.w.org\/{rel}","templated":true}]}}